{"id":12437,"date":"2022-12-14T18:52:25","date_gmt":"2022-12-14T17:52:25","guid":{"rendered":"https:\/\/pubblicityweb.eu\/10-climb-to-the-top-por-4-dias\/"},"modified":"2025-07-09T12:52:31","modified_gmt":"2025-07-09T11:52:31","slug":"10-climb-to-the-top-por-4-dias","status":"publish","type":"product","link":"https:\/\/vibrant-boyd.77-235-50-202.plesk.page\/es\/producto\/10-climb-to-the-top-por-4-dias\/","title":{"rendered":"ANNUNCI.IT &#8211; Publicidad con 8 apariciones fotogr\u00e1ficas FREE por d\u00eda durante 60 d\u00edas"},"content":{"rendered":"<p>ANNUNCI.IT &#8211; Publicidad fotogr\u00e1fica FREE con ocho promociones por d\u00eda sin fotos de escaparate en la portada de la ciudad elegida, con una duraci\u00f3n de 60 d\u00edas, en un horario preestablecido (H10:00-H22:00)<\/p>\n","protected":false},"excerpt":{"rendered":"<p><a href=\"https:\/\/www.annuncici.it\/\">https:\/\/www.annuncici.it\/<\/a><br \/>\nResalta tu anuncio en primera posici\u00f3n 8 veces al d\u00eda durante 60 d\u00edas<\/p>\n","protected":false},"featured_media":214180,"template":"","meta":{"_monsterinsights_skip_tracking":false,"_monsterinsights_sitenote_active":false,"_monsterinsights_sitenote_note":"","_monsterinsights_sitenote_category":0},"product_brand":[],"product_cat":[1091,1099,1100,1103,1134,1136,1098,1097,1138,1147,1108,1109,1112,1129,1120,1086,1127,1145],"product_tag":[],"class_list":{"0":"post-12437","1":"product","2":"type-product","3":"status-publish","4":"has-post-thumbnail","6":"product_cat-animales-y-complementos","7":"product_cat-casas","8":"product_cat-hogares-y-viajes","9":"product_cat-clima-libero-es","10":"product_cat-cursos-y-lecciones","11":"product_cat-electronica","12":"product_cat-entradas","13":"product_cat-equipo-de-trabajo","14":"product_cat-gastronomia-es","15":"product_cat-libro","16":"product_cat-mobiliario-y-articulos-para-el-hogar","17":"product_cat-motores","18":"product_cat-para-tu-boda-deportes","19":"product_cat-peliculas-y-musica","20":"product_cat-repuestos-y-accesorios-para-vehiculos-comerciales","21":"product_cat-ropa-y-accesorios","22":"product_cat-todo-para-ninos","23":"product_cat-trabajo","24":"","25":"woocommerce-text-align-center","26":"woocommerce-image-align-center","27":"do-quantity-buttons","29":"first","30":"instock","31":"virtual","32":"taxable","33":"purchasable","34":"product-type-simple"},"aioseo_notices":[],"_links":{"self":[{"href":"https:\/\/vibrant-boyd.77-235-50-202.plesk.page\/es\/wp-json\/wp\/v2\/product\/12437","targetHints":{"allow":["GET"]}}],"collection":[{"href":"https:\/\/vibrant-boyd.77-235-50-202.plesk.page\/es\/wp-json\/wp\/v2\/product"}],"about":[{"href":"https:\/\/vibrant-boyd.77-235-50-202.plesk.page\/es\/wp-json\/wp\/v2\/types\/product"}],"wp:featuredmedia":[{"embeddable":true,"href":"https:\/\/vibrant-boyd.77-235-50-202.plesk.page\/es\/wp-json\/wp\/v2\/media\/214180"}],"wp:attachment":[{"href":"https:\/\/vibrant-boyd.77-235-50-202.plesk.page\/es\/wp-json\/wp\/v2\/media?parent=12437"}],"wp:term":[{"taxonomy":"product_brand","embeddable":true,"href":"https:\/\/vibrant-boyd.77-235-50-202.plesk.page\/es\/wp-json\/wp\/v2\/product_brand?post=12437"},{"taxonomy":"product_cat","embeddable":true,"href":"https:\/\/vibrant-boyd.77-235-50-202.plesk.page\/es\/wp-json\/wp\/v2\/product_cat?post=12437"},{"taxonomy":"product_tag","embeddable":true,"href":"https:\/\/vibrant-boyd.77-235-50-202.plesk.page\/es\/wp-json\/wp\/v2\/product_tag?post=12437"}],"curies":[{"name":"wp","href":"https:\/\/api.w.org\/{rel}","templated":true}]}}