{"id":12440,"date":"2022-12-14T20:16:12","date_gmt":"2022-12-14T19:16:12","guid":{"rendered":"https:\/\/pubblicityweb.eu\/anuncio-de-durante-bronce-4-dias\/"},"modified":"2025-07-23T22:01:20","modified_gmt":"2025-07-23T21:01:20","slug":"anuncio-de-durante-bronce-4-dias","status":"publish","type":"product","link":"https:\/\/vibrant-boyd.77-235-50-202.plesk.page\/es\/producto\/anuncio-de-durante-bronce-4-dias\/","title":{"rendered":"VIVASTREET &#8211; Anuncio FREE category listing 1 daily appearance for 4 days"},"content":{"rendered":"<p>Publicidad fotogr\u00e1fica FREE que permanece en portada de la ciudad elegida sin fotos de escaparate, en el primer hueco con una duraci\u00f3n de 4 d\u00edas, durante todo el d\u00eda.<\/p>\n","protected":false},"excerpt":{"rendered":"<p><a href=\"https:\/\/www.vivastreet.com\/\">https:\/\/www.vivastreet.com\/<\/a><br \/>\nel anuncio permanece constantemente al inicio de las b\u00fasquedas sin fotos de ventana gratuitas, para tener la m\u00e1xima visibilidad a bajo coste<\/p>\n","protected":false},"featured_media":216310,"template":"","meta":{"_monsterinsights_skip_tracking":false,"_monsterinsights_sitenote_active":false,"_monsterinsights_sitenote_note":"","_monsterinsights_sitenote_category":0},"product_brand":[],"product_cat":[1143,1123,1136,1140,1148,1149,1109,1113,1115,1146],"product_tag":[],"class_list":{"0":"post-12440","1":"product","2":"type-product","3":"status-publish","4":"has-post-thumbnail","6":"product_cat-citas-para-adultos","7":"product_cat-deportes-y-ocio","8":"product_cat-electronica","9":"product_cat-inmobiliaria","10":"product_cat-masajes","11":"product_cat-matrimonio-y-amistades","12":"product_cat-motores","13":"product_cat-para-el-hogar","14":"product_cat-personal","15":"product_cat-trabajo-y-servicios","16":"","17":"woocommerce-text-align-center","18":"woocommerce-image-align-center","19":"do-quantity-buttons","21":"first","22":"instock","23":"virtual","24":"taxable","25":"purchasable","26":"product-type-simple"},"aioseo_notices":[],"_links":{"self":[{"href":"https:\/\/vibrant-boyd.77-235-50-202.plesk.page\/es\/wp-json\/wp\/v2\/product\/12440","targetHints":{"allow":["GET"]}}],"collection":[{"href":"https:\/\/vibrant-boyd.77-235-50-202.plesk.page\/es\/wp-json\/wp\/v2\/product"}],"about":[{"href":"https:\/\/vibrant-boyd.77-235-50-202.plesk.page\/es\/wp-json\/wp\/v2\/types\/product"}],"wp:featuredmedia":[{"embeddable":true,"href":"https:\/\/vibrant-boyd.77-235-50-202.plesk.page\/es\/wp-json\/wp\/v2\/media\/216310"}],"wp:attachment":[{"href":"https:\/\/vibrant-boyd.77-235-50-202.plesk.page\/es\/wp-json\/wp\/v2\/media?parent=12440"}],"wp:term":[{"taxonomy":"product_brand","embeddable":true,"href":"https:\/\/vibrant-boyd.77-235-50-202.plesk.page\/es\/wp-json\/wp\/v2\/product_brand?post=12440"},{"taxonomy":"product_cat","embeddable":true,"href":"https:\/\/vibrant-boyd.77-235-50-202.plesk.page\/es\/wp-json\/wp\/v2\/product_cat?post=12440"},{"taxonomy":"product_tag","embeddable":true,"href":"https:\/\/vibrant-boyd.77-235-50-202.plesk.page\/es\/wp-json\/wp\/v2\/product_tag?post=12440"}],"curies":[{"name":"wp","href":"https:\/\/api.w.org\/{rel}","templated":true}]}}