{"id":12462,"date":"2022-12-15T11:36:39","date_gmt":"2022-12-15T10:36:39","guid":{"rendered":"https:\/\/pubblicityweb.eu\/anuncio-premium-durante-15-dias\/"},"modified":"2024-10-08T19:38:03","modified_gmt":"2024-10-08T18:38:03","slug":"portobello-anuncio-free-1-ascensor-por-dia-durante-14-dias","status":"publish","type":"product","link":"https:\/\/vibrant-boyd.77-235-50-202.plesk.page\/es\/producto\/portobello-anuncio-free-1-ascensor-por-dia-durante-14-dias\/","title":{"rendered":"PORTOBELLO &#8211; Anuncio FREE con 1 salida por d\u00eda durante 14 d\u00edas EST\u00c1NDAR"},"content":{"rendered":"<p>Publicidad fotogr\u00e1fica FREE\u00a0 sin fotos de escaparate y 1 promoci\u00f3n por d\u00eda en portada de la ciudad elegida, con una duraci\u00f3n de 14 d\u00edas, en un horario preestablecido (H08:00-H19:00)<\/p>\n","protected":false},"excerpt":{"rendered":"<p><a href=\"http:\/\/www.portobello.it\">http:\/\/www.portobello.it<\/a><br \/>\nPresente su Anuncio en una posici\u00f3n dedicada denominada \u00abFREE\u00bb y reposicione autom\u00e1ticamente su Anuncio en la primera p\u00e1gina.<\/p>\n","protected":false},"featured_media":13130,"template":"","meta":{"_monsterinsights_skip_tracking":false,"_monsterinsights_sitenote_active":false,"_monsterinsights_sitenote_note":"","_monsterinsights_sitenote_category":0},"product_brand":[],"product_cat":[1140,1106,1109,1145],"product_tag":[],"class_list":{"0":"post-12462","1":"product","2":"type-product","3":"status-publish","4":"has-post-thumbnail","6":"product_cat-inmobiliaria","7":"product_cat-mercado","8":"product_cat-motores","9":"product_cat-trabajo","10":"","11":"woocommerce-text-align-center","12":"woocommerce-image-align-center","13":"do-quantity-buttons","15":"first","16":"instock","17":"virtual","18":"taxable","19":"purchasable","20":"product-type-simple"},"aioseo_notices":[],"_links":{"self":[{"href":"https:\/\/vibrant-boyd.77-235-50-202.plesk.page\/es\/wp-json\/wp\/v2\/product\/12462","targetHints":{"allow":["GET"]}}],"collection":[{"href":"https:\/\/vibrant-boyd.77-235-50-202.plesk.page\/es\/wp-json\/wp\/v2\/product"}],"about":[{"href":"https:\/\/vibrant-boyd.77-235-50-202.plesk.page\/es\/wp-json\/wp\/v2\/types\/product"}],"wp:featuredmedia":[{"embeddable":true,"href":"https:\/\/vibrant-boyd.77-235-50-202.plesk.page\/es\/wp-json\/wp\/v2\/media\/13130"}],"wp:attachment":[{"href":"https:\/\/vibrant-boyd.77-235-50-202.plesk.page\/es\/wp-json\/wp\/v2\/media?parent=12462"}],"wp:term":[{"taxonomy":"product_brand","embeddable":true,"href":"https:\/\/vibrant-boyd.77-235-50-202.plesk.page\/es\/wp-json\/wp\/v2\/product_brand?post=12462"},{"taxonomy":"product_cat","embeddable":true,"href":"https:\/\/vibrant-boyd.77-235-50-202.plesk.page\/es\/wp-json\/wp\/v2\/product_cat?post=12462"},{"taxonomy":"product_tag","embeddable":true,"href":"https:\/\/vibrant-boyd.77-235-50-202.plesk.page\/es\/wp-json\/wp\/v2\/product_tag?post=12462"}],"curies":[{"name":"wp","href":"https:\/\/api.w.org\/{rel}","templated":true}]}}