{"id":12468,"date":"2022-12-15T12:06:39","date_gmt":"2022-12-15T11:06:39","guid":{"rendered":"https:\/\/pubblicityweb.eu\/anuncio-de-platino-durante-14-dias\/"},"modified":"2024-10-08T20:58:45","modified_gmt":"2024-10-08T19:58:45","slug":"anuncio-de-platino-durante-14-dias","status":"publish","type":"product","link":"https:\/\/vibrant-boyd.77-235-50-202.plesk.page\/es\/producto\/anuncio-de-platino-durante-14-dias\/","title":{"rendered":"SUBITO &#8211; 20 anuncios FREE durante 14 d\u00edas Franja horaria (09:00-23:00)"},"content":{"rendered":"<p>Publicidad fotogr\u00e1fica con promoci\u00f3n 20 FREE de la ciudad elegida, con una duraci\u00f3n de 14 d\u00edas, en un horario preestablecido (H09:00-H23:00)<\/p>\n","protected":false},"excerpt":{"rendered":"<p><a href=\"https:\/\/www.subito.it\">https:\/\/www.subito.it<\/a><\/p>\n<p>Publicidad fotogr\u00e1fica con promoci\u00f3n gratuita de la ciudad elegida, con una duraci\u00f3n de 14 d\u00edas, en un horario preestablecido (H06:00-H20:00)<\/p>\n","protected":false},"featured_media":88653,"template":"","meta":{"_monsterinsights_skip_tracking":false,"_monsterinsights_sitenote_active":false,"_monsterinsights_sitenote_note":"","_monsterinsights_sitenote_category":0},"product_brand":[],"product_cat":[1089,1105,1117,1118,1119,1126],"product_tag":[],"class_list":{"0":"post-12468","1":"product","2":"type-product","3":"status-publish","4":"has-post-thumbnail","6":"product_cat-agencias","7":"product_cat-comercial","8":"product_cat-hipotecas","9":"product_cat-publico","10":"product_cat-residencial","11":"product_cat-turismo-es","12":"","13":"woocommerce-text-align-center","14":"woocommerce-image-align-center","15":"do-quantity-buttons","17":"first","18":"instock","19":"virtual","20":"taxable","21":"purchasable","22":"product-type-simple"},"aioseo_notices":[],"_links":{"self":[{"href":"https:\/\/vibrant-boyd.77-235-50-202.plesk.page\/es\/wp-json\/wp\/v2\/product\/12468","targetHints":{"allow":["GET"]}}],"collection":[{"href":"https:\/\/vibrant-boyd.77-235-50-202.plesk.page\/es\/wp-json\/wp\/v2\/product"}],"about":[{"href":"https:\/\/vibrant-boyd.77-235-50-202.plesk.page\/es\/wp-json\/wp\/v2\/types\/product"}],"wp:featuredmedia":[{"embeddable":true,"href":"https:\/\/vibrant-boyd.77-235-50-202.plesk.page\/es\/wp-json\/wp\/v2\/media\/88653"}],"wp:attachment":[{"href":"https:\/\/vibrant-boyd.77-235-50-202.plesk.page\/es\/wp-json\/wp\/v2\/media?parent=12468"}],"wp:term":[{"taxonomy":"product_brand","embeddable":true,"href":"https:\/\/vibrant-boyd.77-235-50-202.plesk.page\/es\/wp-json\/wp\/v2\/product_brand?post=12468"},{"taxonomy":"product_cat","embeddable":true,"href":"https:\/\/vibrant-boyd.77-235-50-202.plesk.page\/es\/wp-json\/wp\/v2\/product_cat?post=12468"},{"taxonomy":"product_tag","embeddable":true,"href":"https:\/\/vibrant-boyd.77-235-50-202.plesk.page\/es\/wp-json\/wp\/v2\/product_tag?post=12468"}],"curies":[{"name":"wp","href":"https:\/\/api.w.org\/{rel}","templated":true}]}}