{"id":12469,"date":"2022-12-15T12:08:45","date_gmt":"2022-12-15T11:08:45","guid":{"rendered":"https:\/\/pubblicityweb.eu\/anuncio-de-diamantes-durante-3-dias\/"},"modified":"2024-10-08T21:12:40","modified_gmt":"2024-10-08T20:12:40","slug":"anuncio-de-diamantes-durante-3-dias","status":"publish","type":"product","link":"https:\/\/vibrant-boyd.77-235-50-202.plesk.page\/es\/producto\/anuncio-de-diamantes-durante-3-dias\/","title":{"rendered":"BAZAR &#8211; Anuncio FREE con 3 apariciones cada 60 minutos durante 2 d\u00edas"},"content":{"rendered":"<p>Publicidad fotogr\u00e1fica FREE en primera fila de la ciudad elegida, con una duraci\u00f3n de 2 d\u00edas, en un intervalo de tiempo preestablecido cada 60 minutos (H06:00-H20:00)<\/p>\n","protected":false},"excerpt":{"rendered":"<p><a href=\"https:\/\/ bazar.it\">https:\/\/ bazar.it<\/a><br \/>\nel anuncio permanece constantemente al inicio de las b\u00fasquedas, para tener la m\u00e1xima visibilidad a bajo coste<\/p>\n","protected":false},"featured_media":13156,"template":"","meta":{"_monsterinsights_skip_tracking":false,"_monsterinsights_sitenote_active":false,"_monsterinsights_sitenote_note":"","_monsterinsights_sitenote_category":0},"product_brand":[],"product_cat":[1089,1090,1091,1092,1093,1095,1141,1102,1099,1100,1101,1143,1103,1104,1105,1131,1132,1130,1088,1133,1134,1123,1135,1136,1142,1098,1096,1097,1094,1137,1138,1117,1139,1140,1124,1147,1144,1148,1149,1106,1107,1108,1109,1111,1125,1110,1113,1114,1112,1129,1115,1116,1118,1120,1119,1086,1087,1121,1085,1127,1145,1146,1126,1128],"product_tag":[],"class_list":{"0":"post-12469","1":"product","2":"type-product","3":"status-publish","4":"has-post-thumbnail","6":"product_cat-agencias","7":"product_cat-animales","8":"product_cat-animales-y-complementos","9":"product_cat-antiguedades","10":"product_cat-antiguedades-modernas","11":"product_cat-artistico","12":"product_cat-buscando-trabajo-es","13":"product_cat-buscando-trabajo","14":"product_cat-casas","15":"product_cat-hogares-y-viajes","16":"product_cat-ceramica","17":"product_cat-citas-para-adultos","18":"product_cat-clima-libero-es","19":"product_cat-coleccionables","20":"product_cat-comercial","21":"product_cat-compra-venta","22":"product_cat-compra-y-vende","23":"product_cat-compra-y-venta-es","24":"product_cat-compra-y-venta","25":"product_cat-cursos","26":"product_cat-cursos-y-lecciones","27":"product_cat-deportes-y-ocio","28":"product_cat-electrodomesticos-y-electronica","29":"product_cat-electronica","30":"product_cat-en-la-ciudad","31":"product_cat-entradas","32":"product_cat-equipo","33":"product_cat-equipo-de-trabajo","34":"product_cat-equipos","35":"product_cat-formacion","36":"product_cat-gastronomia-es","37":"product_cat-hipotecas","38":"product_cat-iluminacion","39":"product_cat-inmobiliaria","40":"product_cat-instrumentos-musicales","41":"product_cat-libro","42":"product_cat-libros","43":"product_cat-masajes","44":"product_cat-matrimonio-y-amistades","45":"product_cat-mercado","46":"product_cat-mobiliario","47":"product_cat-mobiliario-y-articulos-para-el-hogar","48":"product_cat-motores","49":"product_cat-objetos","50":"product_cat-ocio","51":"product_cat-ofrezco-trabajo","52":"product_cat-para-el-hogar","53":"product_cat-para-restauracion","54":"product_cat-para-tu-boda-deportes","55":"product_cat-peliculas-y-musica","56":"product_cat-personal","57":"product_cat-precioso","58":"product_cat-publico","59":"product_cat-repuestos-y-accesorios-para-vehiculos-comerciales","60":"product_cat-residencial","61":"product_cat-ropa-y-accesorios","62":"product_cat-ropa-y-calzado","63":"product_cat-servicios","64":"product_cat-servicios-de-consultoria","65":"product_cat-todo-para-ninos","66":"product_cat-trabajo","67":"product_cat-trabajo-y-servicios","68":"product_cat-turismo-es","69":"product_cat-vehiculos","70":"","71":"woocommerce-text-align-center","72":"woocommerce-image-align-center","73":"do-quantity-buttons","75":"first","76":"instock","77":"virtual","78":"taxable","79":"purchasable","80":"product-type-simple"},"aioseo_notices":[],"_links":{"self":[{"href":"https:\/\/vibrant-boyd.77-235-50-202.plesk.page\/es\/wp-json\/wp\/v2\/product\/12469","targetHints":{"allow":["GET"]}}],"collection":[{"href":"https:\/\/vibrant-boyd.77-235-50-202.plesk.page\/es\/wp-json\/wp\/v2\/product"}],"about":[{"href":"https:\/\/vibrant-boyd.77-235-50-202.plesk.page\/es\/wp-json\/wp\/v2\/types\/product"}],"wp:featuredmedia":[{"embeddable":true,"href":"https:\/\/vibrant-boyd.77-235-50-202.plesk.page\/es\/wp-json\/wp\/v2\/media\/13156"}],"wp:attachment":[{"href":"https:\/\/vibrant-boyd.77-235-50-202.plesk.page\/es\/wp-json\/wp\/v2\/media?parent=12469"}],"wp:term":[{"taxonomy":"product_brand","embeddable":true,"href":"https:\/\/vibrant-boyd.77-235-50-202.plesk.page\/es\/wp-json\/wp\/v2\/product_brand?post=12469"},{"taxonomy":"product_cat","embeddable":true,"href":"https:\/\/vibrant-boyd.77-235-50-202.plesk.page\/es\/wp-json\/wp\/v2\/product_cat?post=12469"},{"taxonomy":"product_tag","embeddable":true,"href":"https:\/\/vibrant-boyd.77-235-50-202.plesk.page\/es\/wp-json\/wp\/v2\/product_tag?post=12469"}],"curies":[{"name":"wp","href":"https:\/\/api.w.org\/{rel}","templated":true}]}}