{"id":12498,"date":"2022-12-15T13:53:52","date_gmt":"2022-12-15T12:53:52","guid":{"rendered":"https:\/\/pubblicityweb.eu\/3-climb-to-the-top-por-2-dias\/"},"modified":"2024-10-28T22:36:50","modified_gmt":"2024-10-28T21:36:50","slug":"top-2-climb-anauncio-linea-prioritaria-por-2-dias","status":"publish","type":"product","link":"https:\/\/vibrant-boyd.77-235-50-202.plesk.page\/es\/producto\/top-2-climb-anauncio-linea-prioritaria-por-2-dias\/","title":{"rendered":"BAKECA.IT &#8211; Top 2 Climb Anuncio linea Prioritaria por 30 d\u00edas"},"content":{"rendered":"<p>Anuncio fotogr\u00e1fico con 2 ascensos por d\u00eda en la primera p\u00e1gina, linea Prioritaria, de la ciudad elegida, por una duraci\u00f3n de 30 d\u00edas, en un horario preestablecido (H10:00-H22:00)<\/p>\n","protected":false},"excerpt":{"rendered":"<p><a href=\"https:\/\/www.bakeca.it\/\">www.bakeca.it\/<\/a><br \/>\nDestacar su anuncio en primera posici\u00f3n 2 veces al d\u00eda durante 30 d\u00edas linea Prioritaria<\/p>\n","protected":false},"featured_media":96138,"template":"","meta":{"_monsterinsights_skip_tracking":false,"_monsterinsights_sitenote_active":false,"_monsterinsights_sitenote_note":"","_monsterinsights_sitenote_category":0},"product_brand":[],"product_cat":[1092,1093,1095,1101,1104,1135,1096,1139,1124,1144,1107,1111,1114,1116,1087,1128],"product_tag":[],"class_list":{"0":"post-12498","1":"product","2":"type-product","3":"status-publish","4":"has-post-thumbnail","6":"product_cat-antiguedades","7":"product_cat-antiguedades-modernas","8":"product_cat-artistico","9":"product_cat-ceramica","10":"product_cat-coleccionables","11":"product_cat-electrodomesticos-y-electronica","12":"product_cat-equipo","13":"product_cat-iluminacion","14":"product_cat-instrumentos-musicales","15":"product_cat-libros","16":"product_cat-mobiliario","17":"product_cat-objetos","18":"product_cat-para-restauracion","19":"product_cat-precioso","20":"product_cat-ropa-y-calzado","21":"product_cat-vehiculos","22":"","23":"woocommerce-text-align-center","24":"woocommerce-image-align-center","25":"do-quantity-buttons","27":"first","28":"instock","29":"virtual","30":"taxable","31":"purchasable","32":"product-type-simple"},"aioseo_notices":[],"_links":{"self":[{"href":"https:\/\/vibrant-boyd.77-235-50-202.plesk.page\/es\/wp-json\/wp\/v2\/product\/12498","targetHints":{"allow":["GET"]}}],"collection":[{"href":"https:\/\/vibrant-boyd.77-235-50-202.plesk.page\/es\/wp-json\/wp\/v2\/product"}],"about":[{"href":"https:\/\/vibrant-boyd.77-235-50-202.plesk.page\/es\/wp-json\/wp\/v2\/types\/product"}],"wp:featuredmedia":[{"embeddable":true,"href":"https:\/\/vibrant-boyd.77-235-50-202.plesk.page\/es\/wp-json\/wp\/v2\/media\/96138"}],"wp:attachment":[{"href":"https:\/\/vibrant-boyd.77-235-50-202.plesk.page\/es\/wp-json\/wp\/v2\/media?parent=12498"}],"wp:term":[{"taxonomy":"product_brand","embeddable":true,"href":"https:\/\/vibrant-boyd.77-235-50-202.plesk.page\/es\/wp-json\/wp\/v2\/product_brand?post=12498"},{"taxonomy":"product_cat","embeddable":true,"href":"https:\/\/vibrant-boyd.77-235-50-202.plesk.page\/es\/wp-json\/wp\/v2\/product_cat?post=12498"},{"taxonomy":"product_tag","embeddable":true,"href":"https:\/\/vibrant-boyd.77-235-50-202.plesk.page\/es\/wp-json\/wp\/v2\/product_tag?post=12498"}],"curies":[{"name":"wp","href":"https:\/\/api.w.org\/{rel}","templated":true}]}}