{"id":62710,"date":"2024-07-30T09:03:26","date_gmt":"2024-07-30T08:03:26","guid":{"rendered":"https:\/\/pubblicityweb.eu\/annunci-net-insercion-gratuita-1-dia-1-ascenso\/"},"modified":"2024-10-08T18:29:50","modified_gmt":"2024-10-08T17:29:50","slug":"annunci-net-publicidad-publicitaria-gratuita-3-dias-con-1-elevacion","status":"publish","type":"product","link":"https:\/\/vibrant-boyd.77-235-50-202.plesk.page\/es\/producto\/annunci-net-publicidad-publicitaria-gratuita-3-dias-con-1-elevacion\/","title":{"rendered":"ANNUNCI.NET &#8211; Inserci\u00f3n publicitaria FREE durante 3 d\u00edas con 1 salida"},"content":{"rendered":"<p>Publicidad con promoci\u00f3n gratuita de la ciudad elegida en el sitio: durante 3 d\u00edas con un ascensor por d\u00eda (08.30\/23.00)<\/p>\n","protected":false},"excerpt":{"rendered":"<p><a href=\"https:\/\/www.annunci.net\">https:\/\/www.annunci.net<\/a><\/p>\n","protected":false},"featured_media":5342,"template":"","meta":{"_monsterinsights_skip_tracking":false,"_monsterinsights_sitenote_active":false,"_monsterinsights_sitenote_note":"","_monsterinsights_sitenote_category":0},"product_brand":[],"product_cat":[1122],"product_tag":[],"class_list":{"0":"post-62710","1":"product","2":"type-product","3":"status-publish","4":"has-post-thumbnail","6":"product_cat-sin-categorizar-es","7":"","8":"woocommerce-text-align-center","9":"woocommerce-image-align-center","10":"do-quantity-buttons","12":"first","13":"instock","14":"virtual","15":"taxable","16":"purchasable","17":"product-type-simple"},"aioseo_notices":[],"_links":{"self":[{"href":"https:\/\/vibrant-boyd.77-235-50-202.plesk.page\/es\/wp-json\/wp\/v2\/product\/62710","targetHints":{"allow":["GET"]}}],"collection":[{"href":"https:\/\/vibrant-boyd.77-235-50-202.plesk.page\/es\/wp-json\/wp\/v2\/product"}],"about":[{"href":"https:\/\/vibrant-boyd.77-235-50-202.plesk.page\/es\/wp-json\/wp\/v2\/types\/product"}],"wp:featuredmedia":[{"embeddable":true,"href":"https:\/\/vibrant-boyd.77-235-50-202.plesk.page\/es\/wp-json\/wp\/v2\/media\/5342"}],"wp:attachment":[{"href":"https:\/\/vibrant-boyd.77-235-50-202.plesk.page\/es\/wp-json\/wp\/v2\/media?parent=62710"}],"wp:term":[{"taxonomy":"product_brand","embeddable":true,"href":"https:\/\/vibrant-boyd.77-235-50-202.plesk.page\/es\/wp-json\/wp\/v2\/product_brand?post=62710"},{"taxonomy":"product_cat","embeddable":true,"href":"https:\/\/vibrant-boyd.77-235-50-202.plesk.page\/es\/wp-json\/wp\/v2\/product_cat?post=62710"},{"taxonomy":"product_tag","embeddable":true,"href":"https:\/\/vibrant-boyd.77-235-50-202.plesk.page\/es\/wp-json\/wp\/v2\/product_tag?post=62710"}],"curies":[{"name":"wp","href":"https:\/\/api.w.org\/{rel}","templated":true}]}}